{"id":2789,"date":"2025-06-04T14:13:40","date_gmt":"2025-06-04T12:13:40","guid":{"rendered":"https:\/\/cervelles.cat\/servicios\/"},"modified":"2026-04-14T16:20:33","modified_gmt":"2026-04-14T14:20:33","slug":"servicios","status":"publish","type":"page","link":"https:\/\/cervelles.cat\/es\/servicios\/","title":{"rendered":"Servicios"},"content":{"rendered":"\t\t<div data-elementor-type=\"wp-page\" data-elementor-id=\"2789\" class=\"elementor elementor-2789 elementor-969\" data-elementor-post-type=\"page\">\n\t\t\t\t<div class=\"elementor-element elementor-element-d141320 e-con-full e-flex e-con e-parent\" data-id=\"d141320\" data-element_type=\"container\" data-e-type=\"container\" data-settings=\"{&quot;background_background&quot;:&quot;classic&quot;,&quot;shape_divider_bottom&quot;:&quot;curve&quot;,&quot;shape_divider_bottom_negative&quot;:&quot;yes&quot;}\">\n\t\t\t\t<div class=\"elementor-shape elementor-shape-bottom\" aria-hidden=\"true\" data-negative=\"true\">\n\t\t\t<svg xmlns=\"http:\/\/www.w3.org\/2000\/svg\" viewBox=\"0 0 1000 100\" preserveAspectRatio=\"none\">\n\t<path class=\"elementor-shape-fill\" d=\"M500,97C126.7,96.3,0.8,19.8,0,0v100l1000,0V1C1000,19.4,873.3,97.8,500,97z\"\/>\n<\/svg>\t\t<\/div>\n\t\t\t\t<div class=\"elementor-element elementor-element-23d223d elementor-invisible elementor-widget elementor-widget-heading\" data-id=\"23d223d\" data-element_type=\"widget\" data-e-type=\"widget\" data-settings=\"{&quot;_animation&quot;:&quot;fadeInUp&quot;}\" data-widget_type=\"heading.default\">\n\t\t\t\t<div class=\"elementor-widget-container\">\n\t\t\t\t\t<h1 class=\"elementor-heading-title elementor-size-default\">Una gesti\u00f3n patrimonial<br>para preservar y hacer crecer tu legado<\/h1>\t\t\t\t<\/div>\n\t\t\t\t<\/div>\n\t\t\t\t<\/div>\n\t\t<div class=\"elementor-element elementor-element-83f20a8 e-flex e-con-boxed e-con e-parent\" data-id=\"83f20a8\" data-element_type=\"container\" data-e-type=\"container\">\n\t\t\t\t\t<div class=\"e-con-inner\">\n\t\t\t\t<div class=\"elementor-element elementor-element-44f16f5 animated-slow elementor-invisible elementor-widget elementor-widget-text-editor\" data-id=\"44f16f5\" data-element_type=\"widget\" data-e-type=\"widget\" data-settings=\"{&quot;_animation&quot;:&quot;fadeInUp&quot;}\" data-widget_type=\"text-editor.default\">\n\t\t\t\t<div class=\"elementor-widget-container\">\n\t\t\t\t\t\t\t\t\t<p>En CERVELLES \u2013 Gesti\u00f3n de Activos y Patrimonio, creemos que la experiencia y la visi\u00f3n son fundamentales para gestionar el patrimonio con responsabilidad y \u00e9xito. Nuestra historia comienza en Vinyols, donde nuestra familia creci\u00f3 vinculada a la tierra, entendiendo desde peque\u00f1os el valor de preservar, cuidar y hacer crecer lo que se tiene.<\/p>\t\t\t\t\t\t\t\t<\/div>\n\t\t\t\t<\/div>\n\t\t\t\t\t<\/div>\n\t\t\t\t<\/div>\n\t\t<div class=\"elementor-element elementor-element-cbce045 e-flex e-con-boxed e-con e-parent\" data-id=\"cbce045\" data-element_type=\"container\" data-e-type=\"container\">\n\t\t\t\t\t<div class=\"e-con-inner\">\n\t\t<div class=\"elementor-element elementor-element-8c77edc e-con-full e-flex e-con e-child\" data-id=\"8c77edc\" data-element_type=\"container\" data-e-type=\"container\">\n\t\t<div class=\"elementor-element elementor-element-48ba08e e-con-full e-flex e-con e-child\" data-id=\"48ba08e\" data-element_type=\"container\" data-e-type=\"container\">\n\t\t\t\t<div class=\"elementor-element elementor-element-7b4f2b7 animated-slow elementor-invisible elementor-widget elementor-widget-image\" data-id=\"7b4f2b7\" data-element_type=\"widget\" data-e-type=\"widget\" data-settings=\"{&quot;_animation&quot;:&quot;fadeIn&quot;}\" data-widget_type=\"image.default\">\n\t\t\t\t<div class=\"elementor-widget-container\">\n\t\t\t\t\t\t\t\t\t\t\t\t\t\t\t<img fetchpriority=\"high\" decoding=\"async\" width=\"665\" height=\"1080\" src=\"https:\/\/cervelles.cat\/wp-content\/uploads\/2026\/03\/Gestio-dactius-immobiliaris\u200b.jpg\" class=\"attachment-full size-full wp-image-2288\" alt=\"Gestio\u0300-d\u2019actius-immobiliaris\u200b\" srcset=\"https:\/\/cervelles.cat\/wp-content\/uploads\/2026\/03\/Gestio-dactius-immobiliaris\u200b.jpg 665w, https:\/\/cervelles.cat\/wp-content\/uploads\/2026\/03\/Gestio-dactius-immobiliaris\u200b-185x300.jpg 185w, https:\/\/cervelles.cat\/wp-content\/uploads\/2026\/03\/Gestio-dactius-immobiliaris\u200b-631x1024.jpg 631w\" sizes=\"(max-width: 665px) 100vw, 665px\" title=\"\">\t\t\t\t\t\t\t\t\t\t\t\t\t\t\t<\/div>\n\t\t\t\t<\/div>\n\t\t\t\t<\/div>\n\t\t<div class=\"elementor-element elementor-element-91f9cab e-con-full animated-slow e-flex elementor-invisible e-con e-child\" data-id=\"91f9cab\" data-element_type=\"container\" data-e-type=\"container\" data-settings=\"{&quot;animation&quot;:&quot;fadeInUp&quot;}\">\n\t\t\t\t<div class=\"elementor-element elementor-element-f3c75a9 elementor-widget elementor-widget-heading\" data-id=\"f3c75a9\" data-element_type=\"widget\" data-e-type=\"widget\" data-widget_type=\"heading.default\">\n\t\t\t\t<div class=\"elementor-widget-container\">\n\t\t\t\t\t<h2 class=\"elementor-heading-title elementor-size-default\">Gesti\u00f3n de activos inmobiliarios<\/h2>\t\t\t\t<\/div>\n\t\t\t\t<\/div>\n\t\t\t\t<div class=\"elementor-element elementor-element-12c9a56 elementor-widget-divider--view-line elementor-widget elementor-widget-divider\" data-id=\"12c9a56\" data-element_type=\"widget\" data-e-type=\"widget\" data-widget_type=\"divider.default\">\n\t\t\t\t<div class=\"elementor-widget-container\">\n\t\t\t\t\t\t\t<div class=\"elementor-divider\">\n\t\t\t<span class=\"elementor-divider-separator\">\n\t\t\t\t\t\t<\/span>\n\t\t<\/div>\n\t\t\t\t\t\t<\/div>\n\t\t\t\t<\/div>\n\t\t\t\t<div class=\"elementor-element elementor-element-52ef45d elementor-widget elementor-widget-heading\" data-id=\"52ef45d\" data-element_type=\"widget\" data-e-type=\"widget\" data-widget_type=\"heading.default\">\n\t\t\t\t<div class=\"elementor-widget-container\">\n\t\t\t\t\t<span class=\"elementor-heading-title elementor-size-default\">Optimizamos el valor de tu patrimonio inmobiliario<\/span>\t\t\t\t<\/div>\n\t\t\t\t<\/div>\n\t\t\t\t<div class=\"elementor-element elementor-element-662afeb elementor-widget elementor-widget-text-editor\" data-id=\"662afeb\" data-element_type=\"widget\" data-e-type=\"widget\" data-widget_type=\"text-editor.default\">\n\t\t\t\t<div class=\"elementor-widget-container\">\n\t\t\t\t\t\t\t\t\t<p>\u2022 Identificaci\u00f3n y adquisici\u00f3n de activos estrat\u00e9gicos. Analizamos y seleccionamos las mejores oportunidades de inversi\u00f3n.<\/p><p>\u2022 Gesti\u00f3n de activos para maximizar rentabilidad. Optimizamos la gesti\u00f3n y<br> explotaci\u00f3n de los activos para aumentar su valor.<\/p><p>\u2022 Desarrollo y revalorizaci\u00f3n de propiedades. Trabajamos en la<br> transformaci\u00f3n y mejora de los activos para adaptarlos a las necesidades del<br> mercado.<\/p><p>\u2022 Asesoramiento en venta y desinversi\u00f3n. Acompa\u00f1amos en la venta de activos<br>para que se realicen en el momento \u00f3ptimo y en las mejores condiciones.<\/p>\t\t\t\t\t\t\t\t<\/div>\n\t\t\t\t<\/div>\n\t\t\t\t<\/div>\n\t\t\t\t<\/div>\n\t\t\t\t\t<\/div>\n\t\t\t\t<\/div>\n\t\t<div class=\"elementor-element elementor-element-e6b479d e-flex e-con-boxed e-con e-parent\" data-id=\"e6b479d\" data-element_type=\"container\" data-e-type=\"container\">\n\t\t\t\t\t<div class=\"e-con-inner\">\n\t\t<div class=\"elementor-element elementor-element-24b0678 e-con-full e-flex e-con e-child\" data-id=\"24b0678\" data-element_type=\"container\" data-e-type=\"container\">\n\t\t<div class=\"elementor-element elementor-element-76782c0 e-con-full animated-slow e-flex elementor-invisible e-con e-child\" data-id=\"76782c0\" data-element_type=\"container\" data-e-type=\"container\" data-settings=\"{&quot;animation&quot;:&quot;fadeInUp&quot;}\">\n\t\t\t\t<div class=\"elementor-element elementor-element-ea9a3e2 elementor-widget elementor-widget-heading\" data-id=\"ea9a3e2\" data-element_type=\"widget\" data-e-type=\"widget\" data-widget_type=\"heading.default\">\n\t\t\t\t<div class=\"elementor-widget-container\">\n\t\t\t\t\t<h2 class=\"elementor-heading-title elementor-size-default\">Gesti\u00f3n de patrimonio familiar y empresarial<\/h2>\t\t\t\t<\/div>\n\t\t\t\t<\/div>\n\t\t\t\t<div class=\"elementor-element elementor-element-e52c87a elementor-widget-divider--view-line elementor-widget elementor-widget-divider\" data-id=\"e52c87a\" data-element_type=\"widget\" data-e-type=\"widget\" data-widget_type=\"divider.default\">\n\t\t\t\t<div class=\"elementor-widget-container\">\n\t\t\t\t\t\t\t<div class=\"elementor-divider\">\n\t\t\t<span class=\"elementor-divider-separator\">\n\t\t\t\t\t\t<\/span>\n\t\t<\/div>\n\t\t\t\t\t\t<\/div>\n\t\t\t\t<\/div>\n\t\t\t\t<div class=\"elementor-element elementor-element-e06f24c elementor-widget elementor-widget-heading\" data-id=\"e06f24c\" data-element_type=\"widget\" data-e-type=\"widget\" data-widget_type=\"heading.default\">\n\t\t\t\t<div class=\"elementor-widget-container\">\n\t\t\t\t\t<span class=\"elementor-heading-title elementor-size-default\">Planificamos y gestionamos el patrimonio para asegurar su sostenibilidad y crecimiento<\/span>\t\t\t\t<\/div>\n\t\t\t\t<\/div>\n\t\t\t\t<div class=\"elementor-element elementor-element-8bd835f elementor-widget elementor-widget-text-editor\" data-id=\"8bd835f\" data-element_type=\"widget\" data-e-type=\"widget\" data-widget_type=\"text-editor.default\">\n\t\t\t\t<div class=\"elementor-widget-container\">\n\t\t\t\t\t\t\t\t\t<p>\u2022 Planificaci\u00f3n patrimonial a largo plazo. Evaluamos y estructuramos el patrimonio para garantizar su preservaci\u00f3n.<\/p>\n<p>\u2022 Optimizaci\u00f3n fiscal y legal. Asesoramos en el \u00e1mbito jur\u00eddico y tributario para garantizar una gesti\u00f3n eficiente.<\/p>\n<p>\u2022 Gesti\u00f3n de inversiones. Proponemos estrategias de inversi\u00f3n adaptadas al perfil y objetivos de cada cliente.<\/p>\n<p>\u2022 Transici\u00f3n generacional y protocolo familiar. Ayudamos a las familias a gestionar.<\/p>\t\t\t\t\t\t\t\t<\/div>\n\t\t\t\t<\/div>\n\t\t\t\t<\/div>\n\t\t<div class=\"elementor-element elementor-element-75e0277 e-con-full e-flex e-con e-child\" data-id=\"75e0277\" data-element_type=\"container\" data-e-type=\"container\">\n\t\t\t\t<div class=\"elementor-element elementor-element-06998ca animated-slow elementor-invisible elementor-widget elementor-widget-image\" data-id=\"06998ca\" data-element_type=\"widget\" data-e-type=\"widget\" data-settings=\"{&quot;_animation&quot;:&quot;fadeIn&quot;}\" data-widget_type=\"image.default\">\n\t\t\t\t<div class=\"elementor-widget-container\">\n\t\t\t\t\t\t\t\t\t\t\t\t\t\t\t<img decoding=\"async\" width=\"665\" height=\"1080\" src=\"https:\/\/cervelles.cat\/wp-content\/uploads\/2026\/03\/Gestio-de-patrimoni-familiar-i-empresarial\u200b.jpg\" class=\"attachment-full size-full wp-image-2290\" alt=\"Gestio\u0300-de-patrimoni-familiar-i-empresarial\u200b\" srcset=\"https:\/\/cervelles.cat\/wp-content\/uploads\/2026\/03\/Gestio-de-patrimoni-familiar-i-empresarial\u200b.jpg 665w, https:\/\/cervelles.cat\/wp-content\/uploads\/2026\/03\/Gestio-de-patrimoni-familiar-i-empresarial\u200b-185x300.jpg 185w, https:\/\/cervelles.cat\/wp-content\/uploads\/2026\/03\/Gestio-de-patrimoni-familiar-i-empresarial\u200b-631x1024.jpg 631w\" sizes=\"(max-width: 665px) 100vw, 665px\" title=\"\">\t\t\t\t\t\t\t\t\t\t\t\t\t\t\t<\/div>\n\t\t\t\t<\/div>\n\t\t\t\t<\/div>\n\t\t\t\t<\/div>\n\t\t\t\t\t<\/div>\n\t\t\t\t<\/div>\n\t\t<div class=\"elementor-element elementor-element-65ad533 e-flex e-con-boxed e-con e-parent\" data-id=\"65ad533\" data-element_type=\"container\" data-e-type=\"container\">\n\t\t\t\t\t<div class=\"e-con-inner\">\n\t\t<div class=\"elementor-element elementor-element-fed3c26 e-con-full e-flex e-con e-child\" data-id=\"fed3c26\" data-element_type=\"container\" data-e-type=\"container\">\n\t\t<div class=\"elementor-element elementor-element-c7f349f e-con-full e-flex e-con e-child\" data-id=\"c7f349f\" data-element_type=\"container\" data-e-type=\"container\">\n\t\t\t\t<div class=\"elementor-element elementor-element-1bc5444 animated-slow elementor-invisible elementor-widget elementor-widget-image\" data-id=\"1bc5444\" data-element_type=\"widget\" data-e-type=\"widget\" data-settings=\"{&quot;_animation&quot;:&quot;fadeIn&quot;}\" data-widget_type=\"image.default\">\n\t\t\t\t<div class=\"elementor-widget-container\">\n\t\t\t\t\t\t\t\t\t\t\t\t\t\t\t<img decoding=\"async\" width=\"500\" height=\"800\" src=\"https:\/\/cervelles.cat\/wp-content\/uploads\/2026\/02\/servei-2.jpg\" class=\"attachment-full size-full wp-image-1978\" alt=\"\" srcset=\"https:\/\/cervelles.cat\/wp-content\/uploads\/2026\/02\/servei-2.jpg 500w, https:\/\/cervelles.cat\/wp-content\/uploads\/2026\/02\/servei-2-188x300.jpg 188w\" sizes=\"(max-width: 500px) 100vw, 500px\" title=\"\">\t\t\t\t\t\t\t\t\t\t\t\t\t\t\t<\/div>\n\t\t\t\t<\/div>\n\t\t\t\t<\/div>\n\t\t<div class=\"elementor-element elementor-element-c423363 e-con-full animated-slow e-flex elementor-invisible e-con e-child\" data-id=\"c423363\" data-element_type=\"container\" data-e-type=\"container\" data-settings=\"{&quot;animation&quot;:&quot;fadeInUp&quot;}\">\n\t\t\t\t<div class=\"elementor-element elementor-element-b519aeb elementor-widget elementor-widget-heading\" data-id=\"b519aeb\" data-element_type=\"widget\" data-e-type=\"widget\" data-widget_type=\"heading.default\">\n\t\t\t\t<div class=\"elementor-widget-container\">\n\t\t\t\t\t<h2 class=\"elementor-heading-title elementor-size-default\">Acompa\u00f1amiento estrat\u00e9gico y soluciones a medida<\/h2>\t\t\t\t<\/div>\n\t\t\t\t<\/div>\n\t\t\t\t<div class=\"elementor-element elementor-element-a3b7234 elementor-widget-divider--view-line elementor-widget elementor-widget-divider\" data-id=\"a3b7234\" data-element_type=\"widget\" data-e-type=\"widget\" data-widget_type=\"divider.default\">\n\t\t\t\t<div class=\"elementor-widget-container\">\n\t\t\t\t\t\t\t<div class=\"elementor-divider\">\n\t\t\t<span class=\"elementor-divider-separator\">\n\t\t\t\t\t\t<\/span>\n\t\t<\/div>\n\t\t\t\t\t\t<\/div>\n\t\t\t\t<\/div>\n\t\t\t\t<div class=\"elementor-element elementor-element-d4d785d elementor-widget elementor-widget-heading\" data-id=\"d4d785d\" data-element_type=\"widget\" data-e-type=\"widget\" data-widget_type=\"heading.default\">\n\t\t\t\t<div class=\"elementor-widget-container\">\n\t\t\t\t\t<span class=\"elementor-heading-title elementor-size-default\">Cada patrimonio es \u00fanico, y su gesti\u00f3n requiere un enfoque personalizado<\/span>\t\t\t\t<\/div>\n\t\t\t\t<\/div>\n\t\t\t\t<div class=\"elementor-element elementor-element-e837906 elementor-widget elementor-widget-text-editor\" data-id=\"e837906\" data-element_type=\"widget\" data-e-type=\"widget\" data-widget_type=\"text-editor.default\">\n\t\t\t\t<div class=\"elementor-widget-container\">\n\t\t\t\t\t\t\t\t\t<p>\u2022 Diagn\u00f3stico patrimonial y estrategia de crecimiento. Analizamos la situaci\u00f3n actual y establecemos objetivos claros y realistas.<\/p><p>\u2022 Asesoramiento integral en gesti\u00f3n de activos y patrimonio. Acompa\u00f1amos al cliente en cada decisi\u00f3n importante.<\/p><p>\u2022 Seguimiento constante y adaptaci\u00f3n a la evoluci\u00f3n del mercado. La gesti\u00f3n patrimonial no es est\u00e1tica; adaptamos las estrategias para garantizar su eficacia en el tiempo.<\/p>\t\t\t\t\t\t\t\t<\/div>\n\t\t\t\t<\/div>\n\t\t\t\t<\/div>\n\t\t\t\t<\/div>\n\t\t\t\t\t<\/div>\n\t\t\t\t<\/div>\n\t\t\t\t<\/div>\n\t\t","protected":false},"excerpt":{"rendered":"<p>Una gesti\u00f3n patrimonialpara preservar y hacer crecer tu legado En CERVELLES \u2013 Gesti\u00f3n de Activos y Patrimonio, creemos que la experiencia y la visi\u00f3n son fundamentales para gestionar el patrimonio con responsabilidad y \u00e9xito. Nuestra historia comienza en Vinyols, donde nuestra familia creci\u00f3 vinculada a la tierra, entendiendo desde peque\u00f1os el valor de preservar, cuidar [&hellip;]<\/p>\n","protected":false},"author":1,"featured_media":0,"parent":0,"menu_order":0,"comment_status":"closed","ping_status":"closed","template":"","meta":{"inline_featured_image":false,"footnotes":""},"class_list":["post-2789","page","type-page","status-publish","hentry"],"_links":{"self":[{"href":"https:\/\/cervelles.cat\/es\/wp-json\/wp\/v2\/pages\/2789","targetHints":{"allow":["GET"]}}],"collection":[{"href":"https:\/\/cervelles.cat\/es\/wp-json\/wp\/v2\/pages"}],"about":[{"href":"https:\/\/cervelles.cat\/es\/wp-json\/wp\/v2\/types\/page"}],"author":[{"embeddable":true,"href":"https:\/\/cervelles.cat\/es\/wp-json\/wp\/v2\/users\/1"}],"replies":[{"embeddable":true,"href":"https:\/\/cervelles.cat\/es\/wp-json\/wp\/v2\/comments?post=2789"}],"version-history":[{"count":23,"href":"https:\/\/cervelles.cat\/es\/wp-json\/wp\/v2\/pages\/2789\/revisions"}],"predecessor-version":[{"id":3143,"href":"https:\/\/cervelles.cat\/es\/wp-json\/wp\/v2\/pages\/2789\/revisions\/3143"}],"wp:attachment":[{"href":"https:\/\/cervelles.cat\/es\/wp-json\/wp\/v2\/media?parent=2789"}],"curies":[{"name":"wp","href":"https:\/\/api.w.org\/{rel}","templated":true}]}}